{"id":8516,"date":"2023-07-20T08:03:53","date_gmt":"2023-07-20T08:03:53","guid":{"rendered":"https:\/\/essaouiratrip.net\/a-propos-de-nous\/"},"modified":"2026-01-20T18:56:25","modified_gmt":"2026-01-20T18:56:25","slug":"a-propos-de-nous","status":"publish","type":"page","link":"https:\/\/essaouiratrip.net\/fr\/a-propos-de-nous\/","title":{"rendered":"\u00c0 propos de nous"},"content":{"rendered":"\t\t<div data-elementor-type=\"wp-page\" data-elementor-id=\"8516\" class=\"elementor elementor-8516\" data-elementor-post-type=\"page\">\n\t\t\t\t<div class=\"elementor-element elementor-element-d4d9ad2 e-flex e-con-boxed e-con e-parent\" data-id=\"d4d9ad2\" data-element_type=\"container\" data-e-type=\"container\" data-settings=\"{&quot;background_background&quot;:&quot;classic&quot;}\">\n\t\t\t\t\t<div class=\"e-con-inner\">\n\t\t<div class=\"elementor-element elementor-element-575893b e-con-full e-flex e-con e-child\" data-id=\"575893b\" data-element_type=\"container\" data-e-type=\"container\">\n\t\t\t\t<div class=\"elementor-element elementor-element-94a5cf6 subtitle-position-above elementor-widget__width-initial elementor-mobile-align-center elementor-widget elementor-widget-bexper-heading\" data-id=\"94a5cf6\" data-element_type=\"widget\" data-e-type=\"widget\" data-widget_type=\"bexper-heading.default\">\n\t\t\t\t<div class=\"elementor-widget-container\">\n\t\t\t\t\t<div class=\"elementor-heading-wrapper-inner\"><h2 class=\"elementor-heading-title elementor-size-default\">Essaouira Trip&nbsp;: Exp\u00e9riences marocaines inoubliables m\u00ealant excitation, nature et charme unique.<\/h2><\/div>\t\t\t\t<\/div>\n\t\t\t\t<\/div>\n\t\t\t\t<div class=\"elementor-element elementor-element-7898cfe elementor-widget__width-initial elementor-widget elementor-widget-text-editor\" data-id=\"7898cfe\" data-element_type=\"widget\" data-e-type=\"widget\" data-widget_type=\"text-editor.default\">\n\t\t\t\t\t\t\t\t\t<p>Nous m\u00e9langeons parfaitement <strong>l\u2019excitation<\/strong> qui fait monter l\u2019adr\u00e9naline avec la beaut\u00e9 naturelle sereine. D\u00e9couvrez le charme unique du Maroc avec des voyages soigneusement s\u00e9lectionn\u00e9s qui restent avec vous longtemps apr\u00e8s votre retour \u00e0 la maison. Chez <strong>Essaouira Trip<\/strong>, nous ne proposons pas seulement des visites; nous cr\u00e9ons d<strong>es exp\u00e9riences marocaines profond\u00e9ment inoubliables.<\/strong> Plongez dans des moments o\u00f9 l\u2019excitation de la d\u00e9couverte rencontre la tranquillit\u00e9 d\u2019une nature intacte, le tout tiss\u00e9 avec le charme unique et <strong>l\u2019esprit authentique<\/strong> d\u2019Essaouira et au-del\u00e0. Pr\u00e9parez-vous \u00e0 un voyage qui captive vos sens.<\/p>\t\t\t\t\t\t\t\t<\/div>\n\t\t<div class=\"elementor-element elementor-element-fe9a852 e-flex e-con-boxed e-con e-child\" data-id=\"fe9a852\" data-element_type=\"container\" data-e-type=\"container\">\n\t\t\t\t\t<div class=\"e-con-inner\">\n\t\t\t\t<div class=\"elementor-element elementor-element-8d48c8e elementor-widget__width-initial elementor-icon-box-divider-horizontal-left elementor-icon-box-divider-vertical-top elementor-widget elementor-widget-icon-box\" data-id=\"8d48c8e\" data-element_type=\"widget\" data-e-type=\"widget\" data-widget_type=\"icon-box.default\">\n\t\t\t\t\t    \t\t<div class=\"elementor-icon-box-wrapper\">\n    \t\t\t    \t\t\t<div class=\"elementor-icon-box-content\">\n    \t\t\t\t<h3 class=\"elementor-icon-box-title\">\n    \t\t\t\t\t<span  >\n    \t\t\t\t\t\tAnn\u00e9es d'exp\u00e9rience    \t\t\t\t\t<\/span>\n    \t\t\t\t<\/h3>\n    \t\t\t\t    \t\t\t\t\t<p class=\"elementor-icon-box-description\">\n    \t\t\t\t\t\t10+    \t\t\t\t\t<\/p>\n    \t\t\t\t    \t\t\t<\/div>\n\n    \t\t<\/div>\n    \t\t\t\t\t\t<\/div>\n\t\t\t\t<div class=\"elementor-element elementor-element-4b73334 elementor-widget__width-initial elementor-widget-mobile__width-initial elementor-icon-box-divider-horizontal-left elementor-icon-box-divider-vertical-top elementor-widget elementor-widget-icon-box\" data-id=\"4b73334\" data-element_type=\"widget\" data-e-type=\"widget\" data-widget_type=\"icon-box.default\">\n\t\t\t\t\t    \t\t<div class=\"elementor-icon-box-wrapper\">\n    \t\t\t    \t\t\t<div class=\"elementor-icon-box-content\">\n    \t\t\t\t<h3 class=\"elementor-icon-box-title\">\n    \t\t\t\t\t<span  >\n    \t\t\t\t\t\tClient satisfait    \t\t\t\t\t<\/span>\n    \t\t\t\t<\/h3>\n    \t\t\t\t    \t\t\t\t\t<p class=\"elementor-icon-box-description\">\n    \t\t\t\t\t\t5K+    \t\t\t\t\t<\/p>\n    \t\t\t\t    \t\t\t<\/div>\n\n    \t\t<\/div>\n    \t\t\t\t\t\t<\/div>\n\t\t\t\t\t<\/div>\n\t\t\t\t<\/div>\n\t\t\t\t<\/div>\n\t\t<div class=\"elementor-element elementor-element-baaa687 e-con-full e-flex e-con e-child\" data-id=\"baaa687\" data-element_type=\"container\" data-e-type=\"container\">\n\t\t<div class=\"elementor-element elementor-element-75d2a51 e-flex e-con-boxed e-con e-child\" data-id=\"75d2a51\" data-element_type=\"container\" data-e-type=\"container\">\n\t\t\t\t\t<div class=\"e-con-inner\">\n\t\t\t\t<div class=\"elementor-element elementor-element-8f5e42c elementor-widget elementor-widget-image\" data-id=\"8f5e42c\" data-element_type=\"widget\" data-e-type=\"widget\" data-widget_type=\"image.default\">\n\t\t\t\t\t\t\t\t\t\t\t\t\t\t\t<img fetchpriority=\"high\" decoding=\"async\" width=\"2560\" height=\"1920\" src=\"https:\/\/essaouiratrip.net\/wp-content\/uploads\/2025\/12\/IMG_9749-2-scaled.jpg\" class=\"elementor-animation-float attachment-full size-full wp-image-7858\" alt=\"\" srcset=\"https:\/\/essaouiratrip.net\/wp-content\/uploads\/2025\/12\/IMG_9749-2-scaled.jpg 2560w, https:\/\/essaouiratrip.net\/wp-content\/uploads\/2025\/12\/IMG_9749-2-300x225.jpg 300w, https:\/\/essaouiratrip.net\/wp-content\/uploads\/2025\/12\/IMG_9749-2-1024x768.jpg 1024w, https:\/\/essaouiratrip.net\/wp-content\/uploads\/2025\/12\/IMG_9749-2-768x576.jpg 768w, https:\/\/essaouiratrip.net\/wp-content\/uploads\/2025\/12\/IMG_9749-2-1536x1152.jpg 1536w, https:\/\/essaouiratrip.net\/wp-content\/uploads\/2025\/12\/IMG_9749-2-2048x1536.jpg 2048w\" sizes=\"(max-width: 2560px) 100vw, 2560px\" \/>\t\t\t\t\t\t\t\t\t\t\t\t\t\t\t<\/div>\n\t\t\t\t<div class=\"elementor-element elementor-element-8a6c3cc elementor-widget elementor-widget-image\" data-id=\"8a6c3cc\" data-element_type=\"widget\" data-e-type=\"widget\" data-widget_type=\"image.default\">\n\t\t\t\t\t\t\t\t\t\t\t\t\t\t\t<img decoding=\"async\" width=\"1440\" height=\"1920\" src=\"https:\/\/essaouiratrip.net\/wp-content\/uploads\/2025\/11\/OTA_2129_jpg-scaled.webp\" class=\"elementor-animation-float attachment-full size-full wp-image-7564\" alt=\"\" srcset=\"https:\/\/essaouiratrip.net\/wp-content\/uploads\/2025\/11\/OTA_2129_jpg-scaled.webp 1440w, https:\/\/essaouiratrip.net\/wp-content\/uploads\/2025\/11\/OTA_2129_jpg-225x300.webp 225w, https:\/\/essaouiratrip.net\/wp-content\/uploads\/2025\/11\/OTA_2129_jpg-768x1024.webp 768w, https:\/\/essaouiratrip.net\/wp-content\/uploads\/2025\/11\/OTA_2129_jpg-1152x1536.webp 1152w\" sizes=\"(max-width: 1440px) 100vw, 1440px\" \/>\t\t\t\t\t\t\t\t\t\t\t\t\t\t\t<\/div>\n\t\t\t\t\t<\/div>\n\t\t\t\t<\/div>\n\t\t<div class=\"elementor-element elementor-element-bc5e2bc e-flex e-con-boxed e-con e-child\" data-id=\"bc5e2bc\" data-element_type=\"container\" data-e-type=\"container\">\n\t\t\t\t\t<div class=\"e-con-inner\">\n\t\t\t\t<div class=\"elementor-element elementor-element-92d9016 elementor-widget elementor-widget-image\" data-id=\"92d9016\" data-element_type=\"widget\" data-e-type=\"widget\" data-widget_type=\"image.default\">\n\t\t\t\t\t\t\t\t\t\t\t\t\t\t\t<img decoding=\"async\" width=\"1080\" height=\"544\" src=\"https:\/\/essaouiratrip.net\/wp-content\/uploads\/2025\/12\/11quaddouble.jpg\" class=\"elementor-animation-float attachment-full size-full wp-image-7859\" alt=\"\" srcset=\"https:\/\/essaouiratrip.net\/wp-content\/uploads\/2025\/12\/11quaddouble.jpg 1080w, https:\/\/essaouiratrip.net\/wp-content\/uploads\/2025\/12\/11quaddouble-300x151.jpg 300w, https:\/\/essaouiratrip.net\/wp-content\/uploads\/2025\/12\/11quaddouble-1024x516.jpg 1024w, https:\/\/essaouiratrip.net\/wp-content\/uploads\/2025\/12\/11quaddouble-768x387.jpg 768w\" sizes=\"(max-width: 1080px) 100vw, 1080px\" \/>\t\t\t\t\t\t\t\t\t\t\t\t\t\t\t<\/div>\n\t\t\t\t<div class=\"elementor-element elementor-element-82897b5 elementor-widget elementor-widget-image\" data-id=\"82897b5\" data-element_type=\"widget\" data-e-type=\"widget\" data-widget_type=\"image.default\">\n\t\t\t\t\t\t\t\t\t\t\t\t\t\t\t<img decoding=\"async\" src=\"https:\/\/essaouiratrip.net\/wp-content\/uploads\/2025\/12\/IMG_0633-scaled.jpg\" title=\"\" alt=\"\" class=\"elementor-animation-float\" loading=\"lazy\" \/>\t\t\t\t\t\t\t\t\t\t\t\t\t\t\t<\/div>\n\t\t\t\t\t<\/div>\n\t\t\t\t<\/div>\n\t\t\t\t<\/div>\n\t\t\t\t\t<\/div>\n\t\t\t\t<\/div>\n\t\t<div class=\"elementor-element elementor-element-6303274 e-flex e-con-boxed e-con e-parent\" data-id=\"6303274\" data-element_type=\"container\" data-e-type=\"container\">\n\t\t\t\t\t<div class=\"e-con-inner\">\n\t\t\t\t<div class=\"elementor-element elementor-element-91562d4 elementor-widget elementor-widget-video\" data-id=\"91562d4\" data-element_type=\"widget\" data-e-type=\"widget\" data-settings=\"{&quot;video_type&quot;:&quot;hosted&quot;,&quot;autoplay&quot;:&quot;yes&quot;,&quot;loop&quot;:&quot;yes&quot;,&quot;controls&quot;:&quot;yes&quot;}\" data-widget_type=\"video.default\">\n\t\t\t\t\t\t\t<div class=\"e-hosted-video elementor-wrapper elementor-open-inline\">\n\t\t\t\t\t<video class=\"elementor-video\" src=\"https:\/\/essaouiratrip.net\/wp-content\/uploads\/2025\/11\/1230.mp4\" autoplay=\"\" loop=\"\" controls=\"\" controlsList=\"nodownload\"><\/video>\n\t\t\t\t<\/div>\n\t\t\t\t\t\t<\/div>\n\t\t\t\t\t<\/div>\n\t\t\t\t<\/div>\n\t\t\t\t<\/div>\n\t\t","protected":false},"excerpt":{"rendered":"<p>Essaouira Trip&nbsp;: Exp\u00e9riences marocaines inoubliables m\u00ealant excitation, nature et charme unique. Nous m\u00e9langeons parfaitement l\u2019excitation qui fait monter l\u2019adr\u00e9naline avec la beaut\u00e9 naturelle sereine. D\u00e9couvrez le charme unique du Maroc avec des voyages soigneusement s\u00e9lectionn\u00e9s qui restent avec vous longtemps apr\u00e8s votre retour \u00e0 la maison. Chez Essaouira Trip, nous ne proposons pas seulement des [&hellip;]<\/p>\n","protected":false},"author":1,"featured_media":0,"parent":0,"menu_order":0,"comment_status":"closed","ping_status":"closed","template":"","meta":{"inline_featured_image":false,"footnotes":""},"class_list":["post-8516","page","type-page","status-publish","hentry"],"aioseo_notices":[],"_links":{"self":[{"href":"https:\/\/essaouiratrip.net\/fr\/wp-json\/wp\/v2\/pages\/8516","targetHints":{"allow":["GET"]}}],"collection":[{"href":"https:\/\/essaouiratrip.net\/fr\/wp-json\/wp\/v2\/pages"}],"about":[{"href":"https:\/\/essaouiratrip.net\/fr\/wp-json\/wp\/v2\/types\/page"}],"author":[{"embeddable":true,"href":"https:\/\/essaouiratrip.net\/fr\/wp-json\/wp\/v2\/users\/1"}],"replies":[{"embeddable":true,"href":"https:\/\/essaouiratrip.net\/fr\/wp-json\/wp\/v2\/comments?post=8516"}],"version-history":[{"count":3,"href":"https:\/\/essaouiratrip.net\/fr\/wp-json\/wp\/v2\/pages\/8516\/revisions"}],"predecessor-version":[{"id":8694,"href":"https:\/\/essaouiratrip.net\/fr\/wp-json\/wp\/v2\/pages\/8516\/revisions\/8694"}],"wp:attachment":[{"href":"https:\/\/essaouiratrip.net\/fr\/wp-json\/wp\/v2\/media?parent=8516"}],"curies":[{"name":"wp","href":"https:\/\/api.w.org\/{rel}","templated":true}]}}